{"id":14920,"date":"2022-06-19T19:09:45","date_gmt":"2022-06-20T00:09:45","guid":{"rendered":"https:\/\/iensecan.edu.co\/?page_id=14920"},"modified":"2024-09-07T10:25:47","modified_gmt":"2024-09-07T15:25:47","slug":"i-e-nuestra-senora-de-la-candelaria","status":"publish","type":"page","link":"https:\/\/iensecan.edu.co\/index.php\/i-e-nuestra-senora-de-la-candelaria\/","title":{"rendered":"I.E. NUESTRA SE\u00d1ORA DE LA CANDELARIA &#8211; CANDELARIA VALLE"},"content":{"rendered":"\t\t<div data-elementor-type=\"wp-post\" data-elementor-id=\"14920\" class=\"elementor elementor-14920\" data-elementor-post-type=\"page\">\n\t\t\t\t\t\t<section class=\"elementor-section elementor-top-section elementor-element elementor-element-948d425 elementor-section-boxed elementor-section-height-default elementor-section-height-default\" data-id=\"948d425\" data-element_type=\"section\">\n\t\t\t\t\t\t<div class=\"elementor-container elementor-column-gap-default\">\n\t\t\t\t\t<div class=\"elementor-column elementor-col-100 elementor-top-column elementor-element elementor-element-526c18f\" data-id=\"526c18f\" data-element_type=\"column\">\n\t\t\t<div class=\"elementor-widget-wrap elementor-element-populated\">\n\t\t\t\t\t\t<div class=\"elementor-element elementor-element-4476a7d elementor-widget elementor-widget-image\" data-id=\"4476a7d\" data-element_type=\"widget\" data-widget_type=\"image.default\">\n\t\t\t\t<div class=\"elementor-widget-container\">\n\t\t\t\t\t\t\t\t\t\t\t\t\t\t\t\t<a href=\"https:\/\/sites.google.com\/iensecan.edu.co\/afrocolombinidad2022\/actividades\">\n\t\t\t\t\t\t\t<img fetchpriority=\"high\" decoding=\"async\" width=\"768\" height=\"290\" src=\"https:\/\/iensecan.edu.co\/wp-content\/uploads\/2022\/06\/BANNER-AFROCOL2-768x290.png\" class=\"attachment-medium_large size-medium_large wp-image-15492\" alt=\"\" srcset=\"https:\/\/iensecan.edu.co\/wp-content\/uploads\/2022\/06\/BANNER-AFROCOL2-768x290.png 768w, https:\/\/iensecan.edu.co\/wp-content\/uploads\/2022\/06\/BANNER-AFROCOL2-300x113.png 300w, https:\/\/iensecan.edu.co\/wp-content\/uploads\/2022\/06\/BANNER-AFROCOL2-1024x386.png 1024w, https:\/\/iensecan.edu.co\/wp-content\/uploads\/2022\/06\/BANNER-AFROCOL2-465x175.png 465w, https:\/\/iensecan.edu.co\/wp-content\/uploads\/2022\/06\/BANNER-AFROCOL2-695x262.png 695w, https:\/\/iensecan.edu.co\/wp-content\/uploads\/2022\/06\/BANNER-AFROCOL2.png 1452w\" sizes=\"(max-width: 768px) 100vw, 768px\" \/>\t\t\t\t\t\t\t\t<\/a>\n\t\t\t\t\t\t\t\t\t\t\t\t\t\t\t<\/div>\n\t\t\t\t<\/div>\n\t\t\t\t\t<\/div>\n\t\t<\/div>\n\t\t\t\t\t<\/div>\n\t\t<\/section>\n\t\t\t\t<section class=\"elementor-section elementor-top-section elementor-element elementor-element-ca91f39 elementor-section-boxed elementor-section-height-default elementor-section-height-default\" data-id=\"ca91f39\" data-element_type=\"section\">\n\t\t\t\t\t\t<div class=\"elementor-container elementor-column-gap-default\">\n\t\t\t\t\t<div class=\"elementor-column elementor-col-100 elementor-top-column elementor-element elementor-element-980ef7e\" data-id=\"980ef7e\" data-element_type=\"column\">\n\t\t\t<div class=\"elementor-widget-wrap elementor-element-populated\">\n\t\t\t\t\t\t<div class=\"elementor-element elementor-element-860e81a elementor-grid-2 elementor-posts--align-center elementor-grid-tablet-2 elementor-grid-mobile-1 elementor-posts--thumbnail-top elementor-card-shadow-yes elementor-posts__hover-gradient elementor-widget elementor-widget-posts\" data-id=\"860e81a\" data-element_type=\"widget\" data-settings=\"{&quot;cards_columns&quot;:&quot;2&quot;,&quot;cards_masonry&quot;:&quot;yes&quot;,&quot;cards_row_gap&quot;:{&quot;unit&quot;:&quot;px&quot;,&quot;size&quot;:25,&quot;sizes&quot;:[]},&quot;pagination_type&quot;:&quot;numbers_and_prev_next&quot;,&quot;cards_columns_tablet&quot;:&quot;2&quot;,&quot;cards_columns_mobile&quot;:&quot;1&quot;,&quot;cards_row_gap_tablet&quot;:{&quot;unit&quot;:&quot;px&quot;,&quot;size&quot;:&quot;&quot;,&quot;sizes&quot;:[]},&quot;cards_row_gap_mobile&quot;:{&quot;unit&quot;:&quot;px&quot;,&quot;size&quot;:&quot;&quot;,&quot;sizes&quot;:[]}}\" data-widget_type=\"posts.cards\">\n\t\t\t\t<div class=\"elementor-widget-container\">\n\t\t\t\t\t\t\t<div class=\"elementor-posts-container elementor-posts elementor-posts--skin-cards elementor-grid\">\n\t\t\t\t<article class=\"entry author-admin elementor-post elementor-grid-item post-31061 post type-post status-publish format-standard category-iensecan\">\n\t\t\t<div class=\"elementor-post__card\">\n\t\t\t\t<div class=\"elementor-post__text\">\n\t\t\t\t<h3 class=\"elementor-post__title\">\n\t\t\t<a href=\"https:\/\/iensecan.edu.co\/index.php\/2025\/11\/13\/portal-matriculas-iensecan-2026\/\" >\n\t\t\t\tPORTAL MATRICULAS IENSECAN 2026\t\t\t<\/a>\n\t\t<\/h3>\n\t\t\t\t<div class=\"elementor-post__excerpt\">\n\t\t\t<p>Portal de Matr\u00edculas IENSECAN 2026 Tu navegador no soporta iframes. Por favor, visita la p\u00e1gina directamente en: Portal de Matr\u00edculas IENSECAN 2026<span class=\"more-link\"><a href=\"https:\/\/iensecan.edu.co\/index.php\/2025\/11\/13\/portal-matriculas-iensecan-2026\/\">SIGUE LEYENDO<\/a><\/span><\/p>\n\t\t<\/div>\n\t\t\n\t\t<a class=\"elementor-post__read-more\" href=\"https:\/\/iensecan.edu.co\/index.php\/2025\/11\/13\/portal-matriculas-iensecan-2026\/\" aria-label=\"Read more about PORTAL MATRICULAS IENSECAN 2026\" tabindex=\"-1\" >\n\t\t\t\t\t<\/a>\n\n\t\t\t\t<\/div>\n\t\t\t\t\t<\/div>\n\t\t<\/article>\n\t\t\t\t<article class=\"entry author-admin elementor-post elementor-grid-item post-30250 post type-post status-publish format-standard category-iensecan\">\n\t\t\t<div class=\"elementor-post__card\">\n\t\t\t\t<div class=\"elementor-post__text\">\n\t\t\t\t<h3 class=\"elementor-post__title\">\n\t\t\t<a href=\"https:\/\/iensecan.edu.co\/index.php\/2025\/09\/29\/transparencia-y-acceso-a-la-informacion-publica\/\" >\n\t\t\t\tTRANSPARENCIA Y ACCESO A LA INFORMACI\u00d3N P\u00daBLICA\t\t\t<\/a>\n\t\t<\/h3>\n\t\t\t\t<div class=\"elementor-post__excerpt\">\n\t\t\t<p>MANUAL-DE-FUNCIONES-PARA-EL-MAGISTERIO<span class=\"more-link\"><a href=\"https:\/\/iensecan.edu.co\/index.php\/2025\/09\/29\/transparencia-y-acceso-a-la-informacion-publica\/\">SIGUE LEYENDO<\/a><\/span><\/p>\n\t\t<\/div>\n\t\t\n\t\t<a class=\"elementor-post__read-more\" href=\"https:\/\/iensecan.edu.co\/index.php\/2025\/09\/29\/transparencia-y-acceso-a-la-informacion-publica\/\" aria-label=\"Read more about TRANSPARENCIA Y ACCESO A LA INFORMACI\u00d3N P\u00daBLICA\" tabindex=\"-1\" >\n\t\t\t\t\t<\/a>\n\n\t\t\t\t<\/div>\n\t\t\t\t\t<\/div>\n\t\t<\/article>\n\t\t\t\t<article class=\"entry author-admin elementor-post elementor-grid-item post-30052 post type-post status-publish format-standard category-iensecan\">\n\t\t\t<div class=\"elementor-post__card\">\n\t\t\t\t<div class=\"elementor-post__text\">\n\t\t\t\t<h3 class=\"elementor-post__title\">\n\t\t\t<a href=\"https:\/\/iensecan.edu.co\/index.php\/2025\/09\/17\/protocolo-de-atencion\/\" >\n\t\t\t\tPROTOCOLO DE ATENCI\u00d3N\t\t\t<\/a>\n\t\t<\/h3>\n\t\t\t\t<div class=\"elementor-post__excerpt\">\n\t\t\t<p><span class=\"more-link\"><a href=\"https:\/\/iensecan.edu.co\/index.php\/2025\/09\/17\/protocolo-de-atencion\/\">SIGUE LEYENDO<\/a><\/span><\/p>\n\t\t<\/div>\n\t\t\n\t\t<a class=\"elementor-post__read-more\" href=\"https:\/\/iensecan.edu.co\/index.php\/2025\/09\/17\/protocolo-de-atencion\/\" aria-label=\"Read more about PROTOCOLO DE ATENCI\u00d3N\" tabindex=\"-1\" >\n\t\t\t\t\t<\/a>\n\n\t\t\t\t<\/div>\n\t\t\t\t\t<\/div>\n\t\t<\/article>\n\t\t\t\t<article class=\"entry author-admin elementor-post elementor-grid-item post-30032 post type-post status-publish format-standard category-iensecan\">\n\t\t\t<div class=\"elementor-post__card\">\n\t\t\t\t<div class=\"elementor-post__text\">\n\t\t\t\t<h3 class=\"elementor-post__title\">\n\t\t\t<a href=\"https:\/\/iensecan.edu.co\/index.php\/2025\/09\/17\/politicas-de-seguridad-terminos-y-condiciones-de-uso\/\" >\n\t\t\t\tPol\u00edticas de Seguridad, T\u00e9rminos y Condiciones de Uso\t\t\t<\/a>\n\t\t<\/h3>\n\t\t\t\t<div class=\"elementor-post__excerpt\">\n\t\t\t<p>Pol\u00edticas de Seguridad, T\u00e9rminos y Condiciones de Uso Pol\u00edtica de Privacidad y los T\u00e9rminos y Condiciones de\u00a0 uso Pol\u00edtica de derechos de autor. * La Instituci\u00f3n educativa Nuestra Se\u00f1ora de la Candelaria, no cuenta con una pol\u00edtica propia para derechos de autor, aplica las existentes a nivel nacional:\u00a0 Ley 23<span class=\"more-link\"><a href=\"https:\/\/iensecan.edu.co\/index.php\/2025\/09\/17\/politicas-de-seguridad-terminos-y-condiciones-de-uso\/\">SIGUE LEYENDO<\/a><\/span><\/p>\n\t\t<\/div>\n\t\t\n\t\t<a class=\"elementor-post__read-more\" href=\"https:\/\/iensecan.edu.co\/index.php\/2025\/09\/17\/politicas-de-seguridad-terminos-y-condiciones-de-uso\/\" aria-label=\"Read more about Pol\u00edticas de Seguridad, T\u00e9rminos y Condiciones de Uso\" tabindex=\"-1\" >\n\t\t\t\t\t<\/a>\n\n\t\t\t\t<\/div>\n\t\t\t\t\t<\/div>\n\t\t<\/article>\n\t\t\t\t<article class=\"entry author-admin elementor-post elementor-grid-item post-29932 post type-post status-publish format-standard category-iensecan\">\n\t\t\t<div class=\"elementor-post__card\">\n\t\t\t\t<div class=\"elementor-post__text\">\n\t\t\t\t<h3 class=\"elementor-post__title\">\n\t\t\t<a href=\"https:\/\/iensecan.edu.co\/index.php\/2025\/09\/13\/inscripciones-abiertas-2026\/\" >\n\t\t\t\tINSCRIPCIONES ABIERTAS 2026\t\t\t<\/a>\n\t\t<\/h3>\n\t\t\t\t<div class=\"elementor-post__excerpt\">\n\t\t\t<p>\u00a1Te Invitamos a Ser Parte de Nuestra Comunidad Educativa!<span class=\"more-link\"><a href=\"https:\/\/iensecan.edu.co\/index.php\/2025\/09\/13\/inscripciones-abiertas-2026\/\">SIGUE LEYENDO<\/a><\/span><\/p>\n\t\t<\/div>\n\t\t\n\t\t<a class=\"elementor-post__read-more\" href=\"https:\/\/iensecan.edu.co\/index.php\/2025\/09\/13\/inscripciones-abiertas-2026\/\" aria-label=\"Read more about INSCRIPCIONES ABIERTAS 2026\" tabindex=\"-1\" >\n\t\t\t\t\t<\/a>\n\n\t\t\t\t<\/div>\n\t\t\t\t\t<\/div>\n\t\t<\/article>\n\t\t\t\t<article class=\"entry author-admin elementor-post elementor-grid-item post-28602 post type-post status-publish format-standard category-iensecan\">\n\t\t\t<div class=\"elementor-post__card\">\n\t\t\t\t<div class=\"elementor-post__text\">\n\t\t\t\t<h3 class=\"elementor-post__title\">\n\t\t\t<a href=\"https:\/\/iensecan.edu.co\/index.php\/2025\/05\/27\/pei-documentos-institucionales\/\" >\n\t\t\t\tPEI &#8211; DOCUMENTOS INSTITUCIONALES\t\t\t<\/a>\n\t\t<\/h3>\n\t\t\t\t<div class=\"elementor-post__excerpt\">\n\t\t\t<p>\ufeff<span class=\"more-link\"><a href=\"https:\/\/iensecan.edu.co\/index.php\/2025\/05\/27\/pei-documentos-institucionales\/\">SIGUE LEYENDO<\/a><\/span><\/p>\n\t\t<\/div>\n\t\t\n\t\t<a class=\"elementor-post__read-more\" href=\"https:\/\/iensecan.edu.co\/index.php\/2025\/05\/27\/pei-documentos-institucionales\/\" aria-label=\"Read more about PEI &#8211; DOCUMENTOS INSTITUCIONALES\" tabindex=\"-1\" >\n\t\t\t\t\t<\/a>\n\n\t\t\t\t<\/div>\n\t\t\t\t\t<\/div>\n\t\t<\/article>\n\t\t\t\t<article class=\"entry author-admin elementor-post elementor-grid-item post-26305 post type-post status-publish format-standard category-iensecan\">\n\t\t\t<div class=\"elementor-post__card\">\n\t\t\t\t<div class=\"elementor-post__text\">\n\t\t\t\t<h3 class=\"elementor-post__title\">\n\t\t\t<a href=\"https:\/\/iensecan.edu.co\/index.php\/2024\/10\/20\/mision-vision-institucional\/\" >\n\t\t\t\tMISI\u00d3N &#8211; VISI\u00d3N INSTITUCIONAL\t\t\t<\/a>\n\t\t<\/h3>\n\t\t\t\t<div class=\"elementor-post__excerpt\">\n\t\t\t<p><span class=\"more-link\"><a href=\"https:\/\/iensecan.edu.co\/index.php\/2024\/10\/20\/mision-vision-institucional\/\">SIGUE LEYENDO<\/a><\/span><\/p>\n\t\t<\/div>\n\t\t\n\t\t<a class=\"elementor-post__read-more\" href=\"https:\/\/iensecan.edu.co\/index.php\/2024\/10\/20\/mision-vision-institucional\/\" aria-label=\"Read more about MISI\u00d3N &#8211; VISI\u00d3N INSTITUCIONAL\" tabindex=\"-1\" >\n\t\t\t\t\t<\/a>\n\n\t\t\t\t<\/div>\n\t\t\t\t\t<\/div>\n\t\t<\/article>\n\t\t\t\t<article class=\"entry author-admin elementor-post elementor-grid-item post-25596 post type-post status-publish format-standard category-iensecan\">\n\t\t\t<div class=\"elementor-post__card\">\n\t\t\t\t<div class=\"elementor-post__text\">\n\t\t\t\t<h3 class=\"elementor-post__title\">\n\t\t\t<a href=\"https:\/\/iensecan.edu.co\/index.php\/2024\/08\/30\/politica-de-seguridad-digital\/\" >\n\t\t\t\tPOL\u00cdTICA DE SEGURIDAD DIGITAL\t\t\t<\/a>\n\t\t<\/h3>\n\t\t\t\t<div class=\"elementor-post__excerpt\">\n\t\t\t<p>Pol\u00edtica de Seguridad Digital \u00bfPara qu\u00e9 realizar un documento CONPES? Para que el pais realice una gestion sistem\u00e1tica de riesgos de seguridad digital con el fin de promover un entorno digital confiable y seguro, que maximice los beneficios economicos y sociales de todos los actores publicos y privados, impulsando la<span class=\"more-link\"><a href=\"https:\/\/iensecan.edu.co\/index.php\/2024\/08\/30\/politica-de-seguridad-digital\/\">SIGUE LEYENDO<\/a><\/span><\/p>\n\t\t<\/div>\n\t\t\n\t\t<a class=\"elementor-post__read-more\" href=\"https:\/\/iensecan.edu.co\/index.php\/2024\/08\/30\/politica-de-seguridad-digital\/\" aria-label=\"Read more about POL\u00cdTICA DE SEGURIDAD DIGITAL\" tabindex=\"-1\" >\n\t\t\t\t\t<\/a>\n\n\t\t\t\t<\/div>\n\t\t\t\t\t<\/div>\n\t\t<\/article>\n\t\t\t\t<article class=\"entry author-admin elementor-post elementor-grid-item post-25514 post type-post status-publish format-standard category-iensecan\">\n\t\t\t<div class=\"elementor-post__card\">\n\t\t\t\t<div class=\"elementor-post__text\">\n\t\t\t\t<h3 class=\"elementor-post__title\">\n\t\t\t<a href=\"https:\/\/iensecan.edu.co\/index.php\/2024\/08\/30\/en-construccion\/\" >\n\t\t\t\tEN CONSTRUCCI\u00d3N\t\t\t<\/a>\n\t\t<\/h3>\n\t\t\t\t<div class=\"elementor-post__excerpt\">\n\t\t\t<p><span class=\"more-link\"><a href=\"https:\/\/iensecan.edu.co\/index.php\/2024\/08\/30\/en-construccion\/\">SIGUE LEYENDO<\/a><\/span><\/p>\n\t\t<\/div>\n\t\t\n\t\t<a class=\"elementor-post__read-more\" href=\"https:\/\/iensecan.edu.co\/index.php\/2024\/08\/30\/en-construccion\/\" aria-label=\"Read more about EN CONSTRUCCI\u00d3N\" tabindex=\"-1\" >\n\t\t\t\t\t<\/a>\n\n\t\t\t\t<\/div>\n\t\t\t\t\t<\/div>\n\t\t<\/article>\n\t\t\t\t<article class=\"entry author-admin elementor-post elementor-grid-item post-25423 post type-post status-publish format-standard category-iensecan\">\n\t\t\t<div class=\"elementor-post__card\">\n\t\t\t\t<div class=\"elementor-post__text\">\n\t\t\t\t<h3 class=\"elementor-post__title\">\n\t\t\t<a href=\"https:\/\/iensecan.edu.co\/index.php\/2024\/08\/30\/participa\/\" >\n\t\t\t\tPARTICIPA\t\t\t<\/a>\n\t\t<\/h3>\n\t\t\t\t<div class=\"elementor-post__excerpt\">\n\t\t\t<p>\ufeff \u00bfDe qu\u00e9 se trata el Men\u00fa Participa? Aqu\u00ed encontrar\u00e1 informaci\u00f3n sobre los espacios, mecanismos y acciones que la Instituci\u00f3n Educativa Nuestra Se\u00f1ora de la Candelaria implementa en cumplimiento de la pol\u00edtica de participaci\u00f3n ciudadana en la gesti\u00f3n p\u00fablica, con el prop\u00f3sito de fortalecer la vinculaci\u00f3n de la ciudadan\u00eda, grupos<span class=\"more-link\"><a href=\"https:\/\/iensecan.edu.co\/index.php\/2024\/08\/30\/participa\/\">SIGUE LEYENDO<\/a><\/span><\/p>\n\t\t<\/div>\n\t\t\n\t\t<a class=\"elementor-post__read-more\" href=\"https:\/\/iensecan.edu.co\/index.php\/2024\/08\/30\/participa\/\" aria-label=\"Read more about PARTICIPA\" tabindex=\"-1\" >\n\t\t\t\t\t<\/a>\n\n\t\t\t\t<\/div>\n\t\t\t\t\t<\/div>\n\t\t<\/article>\n\t\t\t\t<\/div>\n\t\t\n\t\t\t\t<div class=\"e-load-more-anchor\" data-page=\"1\" data-max-page=\"2\" data-next-page=\"https:\/\/iensecan.edu.co\/index.php\/wp-json\/wp\/v2\/pages\/14920\/page\/2\/\"><\/div>\n\t\t\t\t<nav class=\"elementor-pagination\" aria-label=\"Pagination\">\n\t\t\t<span class=\"page-numbers prev\">&laquo; Previous<\/span>\n<span aria-current=\"page\" class=\"page-numbers current\"><span class=\"elementor-screen-only\">Page<\/span>1<\/span>\n<a class=\"page-numbers\" href=\"https:\/\/iensecan.edu.co\/index.php\/wp-json\/wp\/v2\/pages\/14920\/page\/2\/\"><span class=\"elementor-screen-only\">Page<\/span>2<\/a>\n<a class=\"page-numbers next\" href=\"https:\/\/iensecan.edu.co\/index.php\/wp-json\/wp\/v2\/pages\/14920\/page\/2\/\">Next &raquo;<\/a>\t\t<\/nav>\n\t\t\t\t\t\t<\/div>\n\t\t\t\t<\/div>\n\t\t\t\t\t<\/div>\n\t\t<\/div>\n\t\t\t\t\t<\/div>\n\t\t<\/section>\n\t\t\t\t<\/div>\n\t\t","protected":false},"excerpt":{"rendered":"<p><span class=\"more-link\"><a href=\"https:\/\/iensecan.edu.co\/index.php\/2024\/08\/30\/participa\/\">SIGUE LEYENDO<\/a><\/span><\/p>\n","protected":false},"author":1,"featured_media":0,"parent":0,"menu_order":0,"comment_status":"closed","ping_status":"closed","template":"","meta":{"footnotes":""},"class_list":["entry","author-admin","post-14920","page","type-page","status-publish"],"_links":{"self":[{"href":"https:\/\/iensecan.edu.co\/index.php\/wp-json\/wp\/v2\/pages\/14920","targetHints":{"allow":["GET"]}}],"collection":[{"href":"https:\/\/iensecan.edu.co\/index.php\/wp-json\/wp\/v2\/pages"}],"about":[{"href":"https:\/\/iensecan.edu.co\/index.php\/wp-json\/wp\/v2\/types\/page"}],"author":[{"embeddable":true,"href":"https:\/\/iensecan.edu.co\/index.php\/wp-json\/wp\/v2\/users\/1"}],"replies":[{"embeddable":true,"href":"https:\/\/iensecan.edu.co\/index.php\/wp-json\/wp\/v2\/comments?post=14920"}],"version-history":[{"count":12,"href":"https:\/\/iensecan.edu.co\/index.php\/wp-json\/wp\/v2\/pages\/14920\/revisions"}],"predecessor-version":[{"id":25726,"href":"https:\/\/iensecan.edu.co\/index.php\/wp-json\/wp\/v2\/pages\/14920\/revisions\/25726"}],"wp:attachment":[{"href":"https:\/\/iensecan.edu.co\/index.php\/wp-json\/wp\/v2\/media?parent=14920"}],"curies":[{"name":"wp","href":"https:\/\/api.w.org\/{rel}","templated":true}]}}