{"id":24942,"date":"2024-08-27T10:25:00","date_gmt":"2024-08-27T15:25:00","guid":{"rendered":"https:\/\/iensecan.edu.co\/?page_id=24942"},"modified":"2024-09-07T10:29:04","modified_gmt":"2024-09-07T15:29:04","slug":"pqrs","status":"publish","type":"page","link":"https:\/\/iensecan.edu.co\/index.php\/pqrs\/","title":{"rendered":"PQRS"},"content":{"rendered":"\t\t<div data-elementor-type=\"wp-page\" data-elementor-id=\"24942\" class=\"elementor elementor-24942\" data-elementor-post-type=\"page\">\n\t\t\t\t\t\t<section class=\"elementor-section elementor-top-section elementor-element elementor-element-3230372 elementor-section-boxed elementor-section-height-default elementor-section-height-default\" data-id=\"3230372\" data-element_type=\"section\" data-settings=\"{&quot;background_background&quot;:&quot;classic&quot;}\">\n\t\t\t\t\t\t<div class=\"elementor-container elementor-column-gap-default\">\n\t\t\t\t\t<div class=\"elementor-column elementor-col-100 elementor-top-column elementor-element elementor-element-9bab75b\" data-id=\"9bab75b\" data-element_type=\"column\">\n\t\t\t<div class=\"elementor-widget-wrap elementor-element-populated\">\n\t\t\t\t\t\t<div class=\"elementor-element elementor-element-effb269 elementor-widget__width-initial elementor-widget elementor-widget-heading\" data-id=\"effb269\" data-element_type=\"widget\" data-widget_type=\"heading.default\">\n\t\t\t\t<div class=\"elementor-widget-container\">\n\t\t\t\t\t<h2 class=\"elementor-heading-title elementor-size-default\"><br><span style=\"color: var(--govcolor-marine);font-family: var(--govtypo-fontfamily-title);font-size: var(--govtypo-h2);letter-spacing: normal\"><u>PQRSD<\/u><\/span><br><span style=\"color: var(--govcolor-marine);font-family: var(--govtypo-fontfamily-title);font-size: var(--govtypo-h2);font-weight: var(--govtypo-title-semibold);letter-spacing: normal\">Peticiones, quejas, reclamos, sugerencias y denuncias<\/span><\/h2>\t\t\t\t<\/div>\n\t\t\t\t<\/div>\n\t\t\t\t\t<\/div>\n\t\t<\/div>\n\t\t\t\t\t<\/div>\n\t\t<\/section>\n\t\t\t\t<section class=\"elementor-section elementor-top-section elementor-element elementor-element-3f8c79e elementor-section-boxed elementor-section-height-default elementor-section-height-default\" data-id=\"3f8c79e\" data-element_type=\"section\">\n\t\t\t\t\t\t<div class=\"elementor-container elementor-column-gap-default\">\n\t\t\t\t\t<div class=\"elementor-column elementor-col-100 elementor-top-column elementor-element elementor-element-c29f519\" data-id=\"c29f519\" data-element_type=\"column\">\n\t\t\t<div class=\"elementor-widget-wrap elementor-element-populated\">\n\t\t\t\t\t\t<div class=\"elementor-element elementor-element-2b6a142 elementor-widget-divider--view-line elementor-widget elementor-widget-divider\" data-id=\"2b6a142\" data-element_type=\"widget\" data-widget_type=\"divider.default\">\n\t\t\t\t<div class=\"elementor-widget-container\">\n\t\t\t\t\t\t\t<div class=\"elementor-divider\">\n\t\t\t<span class=\"elementor-divider-separator\">\n\t\t\t\t\t\t<\/span>\n\t\t<\/div>\n\t\t\t\t\t\t<\/div>\n\t\t\t\t<\/div>\n\t\t\t\t\t<\/div>\n\t\t<\/div>\n\t\t\t\t\t<\/div>\n\t\t<\/section>\n\t\t\t\t<section class=\"elementor-section elementor-top-section elementor-element elementor-element-bd58de5 elementor-section-boxed elementor-section-height-default elementor-section-height-default\" data-id=\"bd58de5\" data-element_type=\"section\" data-settings=\"{&quot;background_background&quot;:&quot;classic&quot;}\">\n\t\t\t\t\t\t<div class=\"elementor-container elementor-column-gap-extended\">\n\t\t\t\t\t<div class=\"elementor-column elementor-col-100 elementor-top-column elementor-element elementor-element-ebff4bf\" data-id=\"ebff4bf\" data-element_type=\"column\">\n\t\t\t<div class=\"elementor-widget-wrap elementor-element-populated\">\n\t\t\t\t\t\t<div class=\"elementor-element elementor-element-aacd1bb elementor-align-center elementor-widget__width-initial elementor-widget elementor-widget-button\" data-id=\"aacd1bb\" data-element_type=\"widget\" data-widget_type=\"button.default\">\n\t\t\t\t<div class=\"elementor-widget-container\">\n\t\t\t\t\t\t\t\t\t<div class=\"elementor-button-wrapper\">\n\t\t\t\t\t<a class=\"elementor-button elementor-button-link elementor-size-sm\" href=\"https:\/\/forms.gle\/aQn5gY2tMYR1MsE67\">\n\t\t\t\t\t\t<span class=\"elementor-button-content-wrapper\">\n\t\t\t\t\t\t\t\t\t<span class=\"elementor-button-text\">INGRESA TU REQUERIMIENTO AQU\u00cd<\/span>\n\t\t\t\t\t<\/span>\n\t\t\t\t\t<\/a>\n\t\t\t\t<\/div>\n\t\t\t\t\t\t\t\t<\/div>\n\t\t\t\t<\/div>\n\t\t\t\t<div class=\"elementor-element elementor-element-a3a0e49 elementor-widget__width-inherit elementor-widget elementor-widget-text-editor\" data-id=\"a3a0e49\" data-element_type=\"widget\" data-widget_type=\"text-editor.default\">\n\t\t\t\t<div class=\"elementor-widget-container\">\n\t\t\t\t\t\t\t\t\t<p style=\"text-align: justify;\"><span style=\"color: #0000ff;\"><strong><span style=\"font-family: 'Arial'; font-size: 14px; letter-spacing: normal; text-align: left; word-spacing: 0px;\">En procura de mejorar los servicios y tr\u00e1mites que ofrecemos a nuestros grupos de inter\u00e9s, damos las <\/span><span style=\"font-family: 'Arial'; font-size: 14px; letter-spacing: normal; text-align: left; word-spacing: 0px;\">siguientes opciones a trav\u00e9s de las cuales usted podr\u00e1 registrar sus solicitudes, quejas, reclamos y\/o sugerencias sobre temas de nuestra competencia y de igual forma, consultar informaci\u00f3n relacionada con nuestra gesti\u00f3n institucional.<\/span><\/strong><\/span><\/p>\t\t\t\t\t\t\t\t<\/div>\n\t\t\t\t<\/div>\n\t\t\t\t\t<\/div>\n\t\t<\/div>\n\t\t\t\t\t<\/div>\n\t\t<\/section>\n\t\t\t\t<section class=\"elementor-section elementor-top-section elementor-element elementor-element-153aa79 elementor-section-boxed elementor-section-height-default elementor-section-height-default\" data-id=\"153aa79\" data-element_type=\"section\">\n\t\t\t\t\t\t<div class=\"elementor-container elementor-column-gap-default\">\n\t\t\t\t\t<div class=\"elementor-column elementor-col-100 elementor-top-column elementor-element elementor-element-f0e47e4\" data-id=\"f0e47e4\" data-element_type=\"column\">\n\t\t\t<div class=\"elementor-widget-wrap elementor-element-populated\">\n\t\t\t\t\t\t<div class=\"elementor-element elementor-element-1f06a63 elementor-widget-divider--view-line elementor-widget elementor-widget-divider\" data-id=\"1f06a63\" data-element_type=\"widget\" data-widget_type=\"divider.default\">\n\t\t\t\t<div class=\"elementor-widget-container\">\n\t\t\t\t\t\t\t<div class=\"elementor-divider\">\n\t\t\t<span class=\"elementor-divider-separator\">\n\t\t\t\t\t\t<\/span>\n\t\t<\/div>\n\t\t\t\t\t\t<\/div>\n\t\t\t\t<\/div>\n\t\t\t\t\t<\/div>\n\t\t<\/div>\n\t\t\t\t\t<\/div>\n\t\t<\/section>\n\t\t\t\t<section class=\"elementor-section elementor-top-section elementor-element elementor-element-5552bed elementor-section-boxed elementor-section-height-default elementor-section-height-default\" data-id=\"5552bed\" data-element_type=\"section\" data-settings=\"{&quot;background_background&quot;:&quot;classic&quot;}\">\n\t\t\t\t\t\t<div class=\"elementor-container elementor-column-gap-extended\">\n\t\t\t\t\t<div class=\"elementor-column elementor-col-100 elementor-top-column elementor-element elementor-element-9986daa\" data-id=\"9986daa\" data-element_type=\"column\">\n\t\t\t<div class=\"elementor-widget-wrap elementor-element-populated\">\n\t\t\t\t\t\t<div class=\"elementor-element elementor-element-7a5e196 elementor-align-center elementor-widget__width-initial elementor-widget elementor-widget-button\" data-id=\"7a5e196\" data-element_type=\"widget\" data-widget_type=\"button.default\">\n\t\t\t\t<div class=\"elementor-widget-container\">\n\t\t\t\t\t\t\t\t\t<div class=\"elementor-button-wrapper\">\n\t\t\t\t\t<a class=\"elementor-button elementor-button-link elementor-size-sm\" href=\"https:\/\/iensecan.edu.co\/index.php\/2024\/08\/30\/tipo-de-pqrds\/\">\n\t\t\t\t\t\t<span class=\"elementor-button-content-wrapper\">\n\t\t\t\t\t\t\t\t\t<span class=\"elementor-button-text\">TIPOS DE PQRSD<\/span>\n\t\t\t\t\t<\/span>\n\t\t\t\t\t<\/a>\n\t\t\t\t<\/div>\n\t\t\t\t\t\t\t\t<\/div>\n\t\t\t\t<\/div>\n\t\t\t\t<div class=\"elementor-element elementor-element-98d6eaf elementor-widget__width-inherit elementor-widget elementor-widget-text-editor\" data-id=\"98d6eaf\" data-element_type=\"widget\" data-widget_type=\"text-editor.default\">\n\t\t\t\t<div class=\"elementor-widget-container\">\n\t\t\t\t\t\t\t\t\t<p style=\"text-align: center;\"><span style=\"color: #0000ff;\"><strong><span style=\"font-family: 'Arial'; font-size: 14px; letter-spacing: normal; text-align: left; word-spacing: 0px;\">Encuentra informaci\u00f3n sobre los tipos de PQRSD.<\/span><\/strong><\/span><\/p>\t\t\t\t\t\t\t\t<\/div>\n\t\t\t\t<\/div>\n\t\t\t\t\t<\/div>\n\t\t<\/div>\n\t\t\t\t\t<\/div>\n\t\t<\/section>\n\t\t\t\t<section class=\"elementor-section elementor-top-section elementor-element elementor-element-c997f90 elementor-section-boxed elementor-section-height-default elementor-section-height-default\" data-id=\"c997f90\" data-element_type=\"section\">\n\t\t\t\t\t\t<div class=\"elementor-container elementor-column-gap-default\">\n\t\t\t\t\t<div class=\"elementor-column elementor-col-100 elementor-top-column elementor-element elementor-element-c53944a\" data-id=\"c53944a\" data-element_type=\"column\">\n\t\t\t<div class=\"elementor-widget-wrap\">\n\t\t\t\t\t\t\t<\/div>\n\t\t<\/div>\n\t\t\t\t\t<\/div>\n\t\t<\/section>\n\t\t\t\t<\/div>\n\t\t","protected":false},"excerpt":{"rendered":"<p>PQRSD Peticiones, quejas, reclamos, sugerencias y denuncias INGRESA TU REQUERIMIENTO AQU\u00cd En procura de mejorar los servicios y tr\u00e1mites que ofrecemos a nuestros grupos de inter\u00e9s, damos las siguientes opciones a trav\u00e9s de las cuales usted podr\u00e1 registrar sus solicitudes, quejas, reclamos y\/o sugerencias sobre temas de nuestra competencia y<span class=\"more-link\"><a href=\"https:\/\/iensecan.edu.co\/index.php\/pqrs\/\">SIGUE LEYENDO<\/a><\/span><\/p>\n","protected":false},"author":1,"featured_media":0,"parent":0,"menu_order":0,"comment_status":"closed","ping_status":"closed","template":"","meta":{"footnotes":""},"class_list":["entry","author-admin","post-24942","page","type-page","status-publish"],"_links":{"self":[{"href":"https:\/\/iensecan.edu.co\/index.php\/wp-json\/wp\/v2\/pages\/24942","targetHints":{"allow":["GET"]}}],"collection":[{"href":"https:\/\/iensecan.edu.co\/index.php\/wp-json\/wp\/v2\/pages"}],"about":[{"href":"https:\/\/iensecan.edu.co\/index.php\/wp-json\/wp\/v2\/types\/page"}],"author":[{"embeddable":true,"href":"https:\/\/iensecan.edu.co\/index.php\/wp-json\/wp\/v2\/users\/1"}],"replies":[{"embeddable":true,"href":"https:\/\/iensecan.edu.co\/index.php\/wp-json\/wp\/v2\/comments?post=24942"}],"version-history":[{"count":76,"href":"https:\/\/iensecan.edu.co\/index.php\/wp-json\/wp\/v2\/pages\/24942\/revisions"}],"predecessor-version":[{"id":25817,"href":"https:\/\/iensecan.edu.co\/index.php\/wp-json\/wp\/v2\/pages\/24942\/revisions\/25817"}],"wp:attachment":[{"href":"https:\/\/iensecan.edu.co\/index.php\/wp-json\/wp\/v2\/media?parent=24942"}],"curies":[{"name":"wp","href":"https:\/\/api.w.org\/{rel}","templated":true}]}}