{"id":3076,"date":"2020-04-14T16:35:48","date_gmt":"2020-04-14T21:35:48","guid":{"rendered":"http:\/\/iensecan.edu.co\/?page_id=3076"},"modified":"2026-03-17T13:05:19","modified_gmt":"2026-03-17T18:05:19","slug":"cartelera-virtual","status":"publish","type":"page","link":"https:\/\/iensecan.edu.co\/index.php\/inicio\/cartelera-virtual\/","title":{"rendered":"CARTELERA VIRTUAL"},"content":{"rendered":"\t\t<div data-elementor-type=\"wp-page\" data-elementor-id=\"3076\" class=\"elementor elementor-3076\" data-elementor-post-type=\"page\">\n\t\t\t\t\t\t<section class=\"elementor-section elementor-top-section elementor-element elementor-element-f831501 elementor-section-boxed elementor-section-height-default elementor-section-height-default\" data-id=\"f831501\" data-element_type=\"section\">\n\t\t\t\t\t\t<div class=\"elementor-container elementor-column-gap-default\">\n\t\t\t\t\t<div class=\"elementor-column elementor-col-100 elementor-top-column elementor-element elementor-element-640fc6f\" data-id=\"640fc6f\" data-element_type=\"column\">\n\t\t\t<div class=\"elementor-widget-wrap elementor-element-populated\">\n\t\t\t\t\t\t<div class=\"elementor-element elementor-element-b6b1355 elementor-widget-divider--view-line elementor-widget elementor-widget-divider\" data-id=\"b6b1355\" data-element_type=\"widget\" data-widget_type=\"divider.default\">\n\t\t\t\t<div class=\"elementor-widget-container\">\n\t\t\t\t\t\t\t<div class=\"elementor-divider\">\n\t\t\t<span class=\"elementor-divider-separator\">\n\t\t\t\t\t\t<\/span>\n\t\t<\/div>\n\t\t\t\t\t\t<\/div>\n\t\t\t\t<\/div>\n\t\t\t\t\t<\/div>\n\t\t<\/div>\n\t\t\t\t\t<\/div>\n\t\t<\/section>\n\t\t\t\t<section class=\"elementor-section elementor-top-section elementor-element elementor-element-8ea8dc1 elementor-section-boxed elementor-section-height-default elementor-section-height-default\" data-id=\"8ea8dc1\" data-element_type=\"section\">\n\t\t\t\t\t\t<div class=\"elementor-container elementor-column-gap-default\">\n\t\t\t\t\t<div class=\"elementor-column elementor-col-100 elementor-top-column elementor-element elementor-element-14a438d\" data-id=\"14a438d\" data-element_type=\"column\">\n\t\t\t<div class=\"elementor-widget-wrap elementor-element-populated\">\n\t\t\t\t\t\t<div class=\"elementor-element elementor-element-6e4dd8a elementor-widget elementor-widget-heading\" data-id=\"6e4dd8a\" data-element_type=\"widget\" data-widget_type=\"heading.default\">\n\t\t\t\t<div class=\"elementor-widget-container\">\n\t\t\t\t\t<h2 class=\"elementor-heading-title elementor-size-default\">RENDICI\u00d3N DE CUENTAS Y CONTRATACI\u00d3N<\/h2>\t\t\t\t<\/div>\n\t\t\t\t<\/div>\n\t\t\t\t\t<\/div>\n\t\t<\/div>\n\t\t\t\t\t<\/div>\n\t\t<\/section>\n\t\t\t\t<section class=\"elementor-section elementor-top-section elementor-element elementor-element-551a92e elementor-section-boxed elementor-section-height-default elementor-section-height-default\" data-id=\"551a92e\" data-element_type=\"section\">\n\t\t\t\t\t\t<div class=\"elementor-container elementor-column-gap-default\">\n\t\t\t\t\t<div class=\"elementor-column elementor-col-100 elementor-top-column elementor-element elementor-element-543b10f\" data-id=\"543b10f\" data-element_type=\"column\">\n\t\t\t<div class=\"elementor-widget-wrap elementor-element-populated\">\n\t\t\t\t\t\t<div class=\"elementor-element elementor-element-ae1ffe0 elementor-widget-divider--view-line_icon elementor-view-default elementor-widget-divider--element-align-center elementor-widget elementor-widget-divider\" data-id=\"ae1ffe0\" data-element_type=\"widget\" data-widget_type=\"divider.default\">\n\t\t\t\t<div class=\"elementor-widget-container\">\n\t\t\t\t\t\t\t<div class=\"elementor-divider\">\n\t\t\t<span class=\"elementor-divider-separator\">\n\t\t\t\t\t\t\t<div class=\"elementor-icon elementor-divider__element\">\n\t\t\t\t\t<svg aria-hidden=\"true\" class=\"e-font-icon-svg e-fas-inbox\" viewBox=\"0 0 576 512\" xmlns=\"http:\/\/www.w3.org\/2000\/svg\"><path d=\"M567.938 243.908L462.25 85.374A48.003 48.003 0 0 0 422.311 64H153.689a48 48 0 0 0-39.938 21.374L8.062 243.908A47.994 47.994 0 0 0 0 270.533V400c0 26.51 21.49 48 48 48h480c26.51 0 48-21.49 48-48V270.533a47.994 47.994 0 0 0-8.062-26.625zM162.252 128h251.497l85.333 128H376l-32 64H232l-32-64H76.918l85.334-128z\"><\/path><\/svg><\/div>\n\t\t\t\t\t\t<\/span>\n\t\t<\/div>\n\t\t\t\t\t\t<\/div>\n\t\t\t\t<\/div>\n\t\t\t\t\t<\/div>\n\t\t<\/div>\n\t\t\t\t\t<\/div>\n\t\t<\/section>\n\t\t\t\t<section class=\"elementor-section elementor-top-section elementor-element elementor-element-9d9e9d0 elementor-section-boxed elementor-section-height-default elementor-section-height-default\" data-id=\"9d9e9d0\" data-element_type=\"section\">\n\t\t\t\t\t\t<div class=\"elementor-container elementor-column-gap-default\">\n\t\t\t\t\t<div class=\"elementor-column elementor-col-50 elementor-top-column elementor-element elementor-element-6e8edb4\" data-id=\"6e8edb4\" data-element_type=\"column\">\n\t\t\t<div class=\"elementor-widget-wrap elementor-element-populated\">\n\t\t\t\t\t\t<div class=\"elementor-element elementor-element-6b30b0a elementor-invisible elementor-widget elementor-widget-heading\" data-id=\"6b30b0a\" data-element_type=\"widget\" data-settings=\"{&quot;_animation&quot;:&quot;fadeIn&quot;}\" data-widget_type=\"heading.default\">\n\t\t\t\t<div class=\"elementor-widget-container\">\n\t\t\t\t\t<h2 class=\"elementor-heading-title elementor-size-default\">RENDICI\u00d3N DE CUENTAS<\/h2>\t\t\t\t<\/div>\n\t\t\t\t<\/div>\n\t\t\t\t\t<\/div>\n\t\t<\/div>\n\t\t\t\t<div class=\"elementor-column elementor-col-50 elementor-top-column elementor-element elementor-element-5321c22\" data-id=\"5321c22\" data-element_type=\"column\">\n\t\t\t<div class=\"elementor-widget-wrap elementor-element-populated\">\n\t\t\t\t\t\t<div class=\"elementor-element elementor-element-9f62613 elementor-invisible elementor-widget elementor-widget-heading\" data-id=\"9f62613\" data-element_type=\"widget\" data-settings=\"{&quot;_animation&quot;:&quot;fadeIn&quot;}\" data-widget_type=\"heading.default\">\n\t\t\t\t<div class=\"elementor-widget-container\">\n\t\t\t\t\t<h2 class=\"elementor-heading-title elementor-size-default\">CONTRATACI\u00d3N<\/h2>\t\t\t\t<\/div>\n\t\t\t\t<\/div>\n\t\t\t\t\t<\/div>\n\t\t<\/div>\n\t\t\t\t\t<\/div>\n\t\t<\/section>\n\t\t\t\t<section class=\"elementor-section elementor-top-section elementor-element elementor-element-78de35e elementor-section-boxed elementor-section-height-default elementor-section-height-default\" data-id=\"78de35e\" data-element_type=\"section\">\n\t\t\t\t\t\t<div class=\"elementor-container elementor-column-gap-default\">\n\t\t\t\t\t<div class=\"elementor-column elementor-col-50 elementor-top-column elementor-element elementor-element-c27bab7\" data-id=\"c27bab7\" data-element_type=\"column\">\n\t\t\t<div class=\"elementor-widget-wrap elementor-element-populated\">\n\t\t\t\t\t\t<div class=\"elementor-element elementor-element-1106a6f elementor-widget elementor-widget-html\" data-id=\"1106a6f\" data-element_type=\"widget\" data-widget_type=\"html.default\">\n\t\t\t\t<div class=\"elementor-widget-container\">\n\t\t\t\t\t<a href=\"https:\/\/iensecan.edu.co\/wp-content\/uploads\/2026\/03\/Candelaria-Nuestra-Senora-de-la-Candelaria-Formato-Informe-Rendicion-de-Cuentas-IEO-2025-.pdf\"><img fetchpriority=\"high\" decoding=\"async\" class=\"alignnone size-full wp-image-1034\" src=\"https:\/\/iensecan.edu.co\/wp-content\/uploads\/2026\/03\/BOTON-RDC2025.png\" alt=\"RENDICION2016\" width=\"369\" height=\"160\" \/><\/a>\n<a href=\"https:\/\/iensecan.edu.co\/wp-content\/uploads\/2025\/09\/Rendicion-de-Cuentas-2024.pdf\"><img decoding=\"async\" class=\"alignnone size-full wp-image-1034\" src=\"https:\/\/iensecan.edu.co\/wp-content\/uploads\/2025\/09\/RENDICION-DE-CUENTAS-24EN-25.png\" alt=\"RENDICION2016\" width=\"369\" height=\"160\" \/><\/a>\n\n<a href=\"https:\/\/iensecan.edu.co\/wp-content\/uploads\/2024\/08\/Formato-Rendicion-de-Cuentas-IEO-2023-IE-NUESTRA-SENORA-DE-LA-CANDELARIA-R.pdf\"><img decoding=\"async\" class=\"alignnone size-full wp-image-1034\" src=\"https:\/\/iensecan.edu.co\/wp-content\/uploads\/2024\/08\/BOTON-RDC-2023.png\" alt=\"RENDICION2016\" width=\"357\" height=\"155\" \/><\/a>\n<a href=\"https:\/\/iensecan.edu.co\/wp-content\/uploads\/2023\/05\/Rendicion-de-Cuentas-IENSECAN-2022.pdf\"><img loading=\"lazy\" decoding=\"async\" class=\"alignnone size-full wp-image-1034\" src=\"https:\/\/iensecan.edu.co\/wp-content\/uploads\/2022\/06\/RENDIC2022.png\" alt=\"RENDICION2016\" width=\"357\" height=\"155\" \/><\/a>\n<a href=\"https:\/\/iensecan.edu.co\/wp-content\/uploads\/2022\/07\/FORMATO-PARA-LA-RENDICION-DE-CUENTAS-IE-NUESTRA-SENORA-DE-LA-CANDELARIA-.pdf\"><img loading=\"lazy\" decoding=\"async\" class=\"alignnone size-full wp-image-1034\" src=\"https:\/\/iensecan.edu.co\/wp-content\/uploads\/2022\/06\/RENDIC2021.png\" alt=\"RENDICION2016\" width=\"357\" height=\"155\" \/><\/a>\n<a href=\"https:\/\/tinyurl.com\/2ls3dw2b\"><img loading=\"lazy\" decoding=\"async\" class=\"alignnone size-full wp-image-1034\" src=\"https:\/\/iensecan.edu.co\/wp-content\/uploads\/2022\/06\/RENDIC2020.png\" alt=\"RENDICION2016\" width=\"357\" height=\"155\" \/><\/a>\n<a href=\"http:\/\/iensecan.edu.co\/wp-content\/uploads\/2020\/04\/INFORME-DE-GESTION-RECTORIA-2019.pdf\"><img loading=\"lazy\" decoding=\"async\" class=\"alignnone size-full wp-image-1034\" src=\"http:\/\/iensecan.edu.co\/wp-content\/uploads\/2020\/04\/RENDICION-2019.png\" alt=\"RENDICION2016\" width=\"357\" height=\"155\" \/><\/a>\n\n<a href=\"http:\/\/iensecan.edu.co\/wp-content\/uploads\/2019\/03\/INFORME-GESTION-RECTORIA-2018.pdf\"><img loading=\"lazy\" decoding=\"async\" class=\"alignnone size-full wp-image-1034\" src=\"http:\/\/iensecan.edu.co\/wp-content\/uploads\/2019\/03\/RENDICION-DE-CUENTAS-2018.png\" alt=\"RENDICION2016\" width=\"357\" height=\"155\" \/><\/a>\n<a href=\"http:\/\/res.cloudinary.com\/iensecan\/image\/upload\/v1526762018\/INFORME_GESTION_2017.pdf\"><img loading=\"lazy\" decoding=\"async\" class=\"alignnone size-full wp-image-1034\" src=\"http:\/\/iensecan.edu.co\/wp-content\/uploads\/2018\/04\/RENDICION-DC2017.png\" alt=\"RENDICION2016\" width=\"357\" height=\"155\" \/><\/a>\n<a href=\"http:\/\/iensecan.edu.co\/wp-content\/uploads\/2017\/10\/INFORME-GESTION-2016-FINAL-2.pdf\"><img loading=\"lazy\" decoding=\"async\" class=\"alignnone size-full wp-image-1034\" src=\"http:\/\/iensecan.edu.co\/wp-content\/uploads\/2018\/04\/RENDICION-DC2016.png\" alt=\"RENDICION2016\" width=\"357\" height=\"155\" \/><\/a>\n\t\t\t\t<\/div>\n\t\t\t\t<\/div>\n\t\t\t\t\t<\/div>\n\t\t<\/div>\n\t\t\t\t<div class=\"elementor-column elementor-col-50 elementor-top-column elementor-element elementor-element-179c555\" data-id=\"179c555\" data-element_type=\"column\">\n\t\t\t<div class=\"elementor-widget-wrap elementor-element-populated\">\n\t\t\t\t\t\t<div class=\"elementor-element elementor-element-ca92ebb elementor-widget elementor-widget-html\" data-id=\"ca92ebb\" data-element_type=\"widget\" data-widget_type=\"html.default\">\n\t\t\t\t<div class=\"elementor-widget-container\">\n\t\t\t\t\t<a href=\"https:\/\/sites.google.com\/iensecan.edu.co\/contratacin-iensecan-2025?usp=sharing\"><img loading=\"lazy\" decoding=\"async\" class=\"alignnone size-full wp-image-1024\" src=\"https:\/\/iensecan.edu.co\/wp-content\/uploads\/2025\/10\/C2025.png\" alt=\"contatacion2017\" width=\"357\" height=\"155\" \/><\/a> \n<a href=\"https:\/\/sites.google.com\/iensecan.edu.co\/contratacin-iensecan-2024?usp=sharing\"><img loading=\"lazy\" decoding=\"async\" class=\"alignnone size-full wp-image-1024\" src=\"https:\/\/iensecan.edu.co\/wp-content\/uploads\/2025\/10\/C2024.png\" alt=\"contatacion2017\" width=\"357\" height=\"155\" \/><\/a> \n<a href=\"https:\/\/sites.google.com\/iensecan.edu.co\/contrataciniensecan2023\/contratos\"><img loading=\"lazy\" decoding=\"async\" class=\"alignnone size-full wp-image-1024\" src=\"https:\/\/iensecan.edu.co\/wp-content\/uploads\/2023\/09\/CONTRAT2023.png\" alt=\"contatacion2017\" width=\"357\" height=\"155\" \/><\/a>\n<a href=\"https:\/\/tinyurl.com\/2o8raklx\"><img loading=\"lazy\" decoding=\"async\" class=\"alignnone size-full wp-image-1024\" src=\"https:\/\/iensecan.edu.co\/wp-content\/uploads\/2022\/06\/CONTRAT2022.png\" alt=\"contatacion2017\" width=\"357\" height=\"155\" \/><\/a>\n<a href=\"https:\/\/sites.google.com\/iensecan.edu.co\/contrataciniensecan2021\/contratos\"><img loading=\"lazy\" decoding=\"async\" class=\"alignnone size-full wp-image-1024\" src=\"https:\/\/iensecan.edu.co\/wp-content\/uploads\/2022\/06\/CONTRAT2021.png\" alt=\"contatacion2017\" width=\"357\" height=\"155\" \/><\/a>\n<a href=\"https:\/\/sites.google.com\/iensecan.edu.co\/contrataciniensecan2020\/contratos\"><img loading=\"lazy\" decoding=\"async\" class=\"alignnone size-full wp-image-1024\" src=\"https:\/\/iensecan.edu.co\/wp-content\/uploads\/2022\/06\/CONTRAT2020.png\" alt=\"contatacion2017\" width=\"357\" height=\"155\" \/><\/a>\n<a href=\"https:\/\/sites.google.com\/iensecan.edu.co\/contratosiensecan\/contratos?authuser=1\"><img loading=\"lazy\" decoding=\"async\" class=\"alignnone size-full wp-image-1024\" src=\"https:\/\/iensecan.edu.co\/wp-content\/uploads\/2020\/08\/BOTON-CONTRATACION-2019-1.png\" alt=\"contatacion2017\" width=\"357\" height=\"155\" \/><\/a>\n\n<a href=\"http:\/\/iensecan.edu.co\/index.php\/contratacion-2017\/\"><img loading=\"lazy\" decoding=\"async\" class=\"alignnone size-full wp-image-1024\" src=\"http:\/\/iensecan.edu.co\/wp-content\/uploads\/2019\/03\/CONTRATACION-2018.png\" alt=\"contatacion2017\" width=\"357\" height=\"155\" \/><\/a>\n<a href=\"http:\/\/iensecan.edu.co\/index.php\/contratacion-2017\/\"><img loading=\"lazy\" decoding=\"async\" class=\"alignnone size-full wp-image-1024\" src=\"http:\/\/iensecan.edu.co\/wp-content\/uploads\/2018\/04\/CONTRATACION-2017.png\" alt=\"contatacion2017\" width=\"357\" height=\"155\" \/><\/a>\n<a href=\"http:\/\/iensecan.edu.co\/index.php\/contratacion-2016\/\"><img loading=\"lazy\" decoding=\"async\" class=\"alignnone size-full wp-image-904\" src=\"http:\/\/iensecan.edu.co\/wp-content\/uploads\/2018\/04\/CONTRATACION-2016.png\" alt=\"contatacion2016\" width=\"357\" height=\"155\" \/><\/a>\n\t\t\t\t<\/div>\n\t\t\t\t<\/div>\n\t\t\t\t\t<\/div>\n\t\t<\/div>\n\t\t\t\t\t<\/div>\n\t\t<\/section>\n\t\t\t\t<\/div>\n\t\t","protected":false},"excerpt":{"rendered":"<p>RENDICI\u00d3N DE CUENTAS Y CONTRATACI\u00d3N RENDICI\u00d3N DE CUENTAS CONTRATACI\u00d3N<span class=\"more-link\"><a href=\"https:\/\/iensecan.edu.co\/index.php\/inicio\/cartelera-virtual\/\">SIGUE LEYENDO<\/a><\/span><\/p>\n","protected":false},"author":1,"featured_media":0,"parent":24718,"menu_order":0,"comment_status":"closed","ping_status":"closed","template":"","meta":{"footnotes":""},"class_list":["entry","author-admin","post-3076","page","type-page","status-publish"],"_links":{"self":[{"href":"https:\/\/iensecan.edu.co\/index.php\/wp-json\/wp\/v2\/pages\/3076","targetHints":{"allow":["GET"]}}],"collection":[{"href":"https:\/\/iensecan.edu.co\/index.php\/wp-json\/wp\/v2\/pages"}],"about":[{"href":"https:\/\/iensecan.edu.co\/index.php\/wp-json\/wp\/v2\/types\/page"}],"author":[{"embeddable":true,"href":"https:\/\/iensecan.edu.co\/index.php\/wp-json\/wp\/v2\/users\/1"}],"replies":[{"embeddable":true,"href":"https:\/\/iensecan.edu.co\/index.php\/wp-json\/wp\/v2\/comments?post=3076"}],"version-history":[{"count":117,"href":"https:\/\/iensecan.edu.co\/index.php\/wp-json\/wp\/v2\/pages\/3076\/revisions"}],"predecessor-version":[{"id":32143,"href":"https:\/\/iensecan.edu.co\/index.php\/wp-json\/wp\/v2\/pages\/3076\/revisions\/32143"}],"up":[{"embeddable":true,"href":"https:\/\/iensecan.edu.co\/index.php\/wp-json\/wp\/v2\/pages\/24718"}],"wp:attachment":[{"href":"https:\/\/iensecan.edu.co\/index.php\/wp-json\/wp\/v2\/media?parent=3076"}],"curies":[{"name":"wp","href":"https:\/\/api.w.org\/{rel}","templated":true}]}}